{"id":53,"date":"2015-09-29T13:37:16","date_gmt":"2015-09-29T11:37:16","guid":{"rendered":"http:\/\/www.haraldschwarz.at\/designs\/?page_id=53"},"modified":"2016-09-09T07:46:07","modified_gmt":"2016-09-09T07:46:07","slug":"adler-fuer-zuhause","status":"publish","type":"page","link":"https:\/\/adler-krumbach.at\/wordpress\/adler-fuer-zuhause\/","title":{"rendered":"Adler f\u00fcr Zuhause"},"content":{"rendered":"<p><img loading=\"lazy\" decoding=\"async\" class=\"alignnone size-full wp-image-127\" src=\"http:\/\/adler-krumbach.at\/wordpress\/wp-content\/uploads\/2015\/09\/IMG_6510_freihp-1.jpg\" alt=\"IMG_6510_freihp\" width=\"1200\" height=\"549\" srcset=\"https:\/\/adler-krumbach.at\/wordpress\/wp-content\/uploads\/2015\/09\/IMG_6510_freihp-1.jpg 1200w, https:\/\/adler-krumbach.at\/wordpress\/wp-content\/uploads\/2015\/09\/IMG_6510_freihp-1-300x137.jpg 300w, https:\/\/adler-krumbach.at\/wordpress\/wp-content\/uploads\/2015\/09\/IMG_6510_freihp-1-768x351.jpg 768w, https:\/\/adler-krumbach.at\/wordpress\/wp-content\/uploads\/2015\/09\/IMG_6510_freihp-1-1024x468.jpg 1024w\" sizes=\"auto, (max-width: 1200px) 100vw, 1200px\" \/><\/p>\n<p><div class=\"omsc-one-half\">\n<img loading=\"lazy\" decoding=\"async\" class=\"alignnone wp-image-132\" src=\"http:\/\/adler-krumbach.at\/wordpress\/wp-content\/uploads\/2015\/09\/IMG_6554w-689x1024.jpg\" alt=\"IMG_6554w\" width=\"389\" height=\"578\" srcset=\"https:\/\/adler-krumbach.at\/wordpress\/wp-content\/uploads\/2015\/09\/IMG_6554w-689x1024.jpg 689w, https:\/\/adler-krumbach.at\/wordpress\/wp-content\/uploads\/2015\/09\/IMG_6554w-202x300.jpg 202w, https:\/\/adler-krumbach.at\/wordpress\/wp-content\/uploads\/2015\/09\/IMG_6554w.jpg 754w\" sizes=\"auto, (max-width: 389px) 100vw, 389px\" \/><br \/>\n<div class=\"clear\"><\/div><\/div><div class=\"omsc-one-half omsc-last\">\n<p>&nbsp;<\/p>\n<p>&nbsp;<\/p>\n<h2>Adler f\u00fcr Zuhause<strong><br \/>\n<\/strong><\/h2>\n<p>Verschiedene eigene Kreationen k\u00f6nnen im Restaurant verkostet und direkt erworben werden. Von der selbstgemachten Marmelade bis zu Kr\u00e4utern aus dem Moor. Je nach Verf\u00fcgbarkeit und auf <a href=\"mailto:mail@adler-krumbach.at\">Anfrage<\/a> bieten wir Ihnen selbsthergestellte Produkte zum Mitnehmen und Bestellen:<\/p>\n<ul>\n<li>Rohschinken vom Durocschwein<\/li>\n<li>Preiselbeeren aus dem Krumbacher Moor<\/li>\n<li>Heidelbeerchutney<\/li>\n<li>Moorlimo und Moorsirup<\/li>\n<li>Pralinen aus eigener Herstellung<\/li>\n<li>Verschiedene Marmeladen<\/li>\n<li>Moorbrand<\/li>\n<\/ul>\n<p>&nbsp;<\/p>\n<p><div class=\"clear\"><\/div><\/div><div class=\"omsc-clear\"><\/div><\/p>\n<p>&nbsp;<\/p>\n<style type=\"text\/css\">\r\n\t#foogallery-gallery-272 .fg-image {\r\n        width: 280px;\r\n    }\r\n<\/style>\r\n\t\t\t\t<div class=\"foogallery foogallery-container foogallery-default foogallery-lightbox-foogallery fg-gutter-20 fg-left fg-default fg-light fg-border-thin fg-shadow-small fg-loading-default fg-loaded-fade-in fg-hover-fade fg-hover-circle-plus fg-ready\" id=\"foogallery-gallery-272\" data-foogallery=\"{&quot;item&quot;:{&quot;showCaptionTitle&quot;:true,&quot;showCaptionDescription&quot;:false},&quot;lazy&quot;:true}\" >\r\n\t<div class=\"fg-item fg-type-image fg-idle\"><figure class=\"fg-item-inner\"><a href=\"https:\/\/adler-krumbach.at\/wordpress\/wp-content\/uploads\/2016\/08\/IMG_6536w.jpg\" data-attachment-id=\"274\" data-type=\"image\" class=\"fg-thumb\" rel=\"lightbox[53]\"><span class=\"fg-image-wrap\"><img decoding=\"async\" width=\"280\" height=\"150\" class=\"skip-lazy fg-image\" data-src-fg=\"https:\/\/adler-krumbach.at\/wordpress\/wp-content\/uploads\/cache\/2016\/08\/IMG_6536w\/630629278.jpg\" src=\"data:image\/svg+xml,%3Csvg%20xmlns%3D%22http%3A%2F%2Fwww.w3.org%2F2000%2Fsvg%22%20width%3D%22280%22%20height%3D%22150%22%20viewBox%3D%220%200%20280%20150%22%3E%3C%2Fsvg%3E\" loading=\"eager\"><\/span><span class=\"fg-image-overlay\"><\/span><\/a><figcaption class=\"fg-caption\"><div class=\"fg-caption-inner\"><\/div><\/figcaption><\/figure><div class=\"fg-loader\"><\/div><\/div><div class=\"fg-item fg-type-image fg-idle\"><figure class=\"fg-item-inner\"><a href=\"https:\/\/adler-krumbach.at\/wordpress\/wp-content\/uploads\/2016\/08\/IMG_6527w.jpg\" data-attachment-id=\"273\" data-type=\"image\" class=\"fg-thumb\" rel=\"lightbox[53]\"><span class=\"fg-image-wrap\"><img decoding=\"async\" width=\"280\" height=\"150\" class=\"skip-lazy fg-image\" data-src-fg=\"https:\/\/adler-krumbach.at\/wordpress\/wp-content\/uploads\/cache\/2016\/08\/IMG_6527w\/3102482686.jpg\" src=\"data:image\/svg+xml,%3Csvg%20xmlns%3D%22http%3A%2F%2Fwww.w3.org%2F2000%2Fsvg%22%20width%3D%22280%22%20height%3D%22150%22%20viewBox%3D%220%200%20280%20150%22%3E%3C%2Fsvg%3E\" loading=\"eager\"><\/span><span class=\"fg-image-overlay\"><\/span><\/a><figcaption class=\"fg-caption\"><div class=\"fg-caption-inner\"><\/div><\/figcaption><\/figure><div class=\"fg-loader\"><\/div><\/div><div class=\"fg-item fg-type-image fg-idle\"><figure class=\"fg-item-inner\"><a href=\"https:\/\/adler-krumbach.at\/wordpress\/wp-content\/uploads\/2016\/08\/IMG_6568w.jpg\" data-attachment-id=\"277\" data-type=\"image\" class=\"fg-thumb\" rel=\"lightbox[53]\"><span class=\"fg-image-wrap\"><img decoding=\"async\" width=\"280\" height=\"150\" class=\"skip-lazy fg-image\" data-src-fg=\"https:\/\/adler-krumbach.at\/wordpress\/wp-content\/uploads\/cache\/2016\/08\/IMG_6568w\/4248463876.jpg\" src=\"data:image\/svg+xml,%3Csvg%20xmlns%3D%22http%3A%2F%2Fwww.w3.org%2F2000%2Fsvg%22%20width%3D%22280%22%20height%3D%22150%22%20viewBox%3D%220%200%20280%20150%22%3E%3C%2Fsvg%3E\" loading=\"eager\"><\/span><span class=\"fg-image-overlay\"><\/span><\/a><figcaption class=\"fg-caption\"><div class=\"fg-caption-inner\"><\/div><\/figcaption><\/figure><div class=\"fg-loader\"><\/div><\/div><div class=\"fg-item fg-type-image fg-idle\"><figure class=\"fg-item-inner\"><a href=\"https:\/\/adler-krumbach.at\/wordpress\/wp-content\/uploads\/2016\/08\/IMG_6554w.jpg\" data-attachment-id=\"275\" data-type=\"image\" class=\"fg-thumb\" rel=\"lightbox[53]\"><span class=\"fg-image-wrap\"><img decoding=\"async\" width=\"280\" height=\"150\" class=\"skip-lazy fg-image\" data-src-fg=\"https:\/\/adler-krumbach.at\/wordpress\/wp-content\/uploads\/cache\/2016\/08\/IMG_6554w\/1413723035.jpg\" src=\"data:image\/svg+xml,%3Csvg%20xmlns%3D%22http%3A%2F%2Fwww.w3.org%2F2000%2Fsvg%22%20width%3D%22280%22%20height%3D%22150%22%20viewBox%3D%220%200%20280%20150%22%3E%3C%2Fsvg%3E\" loading=\"eager\"><\/span><span class=\"fg-image-overlay\"><\/span><\/a><figcaption class=\"fg-caption\"><div class=\"fg-caption-inner\"><\/div><\/figcaption><\/figure><div class=\"fg-loader\"><\/div><\/div><div class=\"fg-item fg-type-image fg-idle\"><figure class=\"fg-item-inner\"><a href=\"https:\/\/adler-krumbach.at\/wordpress\/wp-content\/uploads\/2016\/08\/IMG_6753w.jpg\" data-attachment-id=\"282\" data-type=\"image\" class=\"fg-thumb\" rel=\"lightbox[53]\"><span class=\"fg-image-wrap\"><img decoding=\"async\" width=\"280\" height=\"150\" class=\"skip-lazy fg-image\" data-src-fg=\"https:\/\/adler-krumbach.at\/wordpress\/wp-content\/uploads\/cache\/2016\/08\/IMG_6753w\/1460796965.jpg\" src=\"data:image\/svg+xml,%3Csvg%20xmlns%3D%22http%3A%2F%2Fwww.w3.org%2F2000%2Fsvg%22%20width%3D%22280%22%20height%3D%22150%22%20viewBox%3D%220%200%20280%20150%22%3E%3C%2Fsvg%3E\" loading=\"eager\"><\/span><span class=\"fg-image-overlay\"><\/span><\/a><figcaption class=\"fg-caption\"><div class=\"fg-caption-inner\"><\/div><\/figcaption><\/figure><div class=\"fg-loader\"><\/div><\/div><div class=\"fg-item fg-type-image fg-idle\"><figure class=\"fg-item-inner\"><a href=\"https:\/\/adler-krumbach.at\/wordpress\/wp-content\/uploads\/2016\/08\/IMG_6564w.jpg\" data-attachment-id=\"276\" data-type=\"image\" class=\"fg-thumb\" rel=\"lightbox[53]\"><span class=\"fg-image-wrap\"><img decoding=\"async\" width=\"280\" height=\"150\" class=\"skip-lazy fg-image\" data-src-fg=\"https:\/\/adler-krumbach.at\/wordpress\/wp-content\/uploads\/cache\/2016\/08\/IMG_6564w\/1228132820.jpg\" src=\"data:image\/svg+xml,%3Csvg%20xmlns%3D%22http%3A%2F%2Fwww.w3.org%2F2000%2Fsvg%22%20width%3D%22280%22%20height%3D%22150%22%20viewBox%3D%220%200%20280%20150%22%3E%3C%2Fsvg%3E\" loading=\"eager\"><\/span><span class=\"fg-image-overlay\"><\/span><\/a><figcaption class=\"fg-caption\"><div class=\"fg-caption-inner\"><\/div><\/figcaption><\/figure><div class=\"fg-loader\"><\/div><\/div><div class=\"fg-item fg-type-image fg-idle\"><figure class=\"fg-item-inner\"><a href=\"https:\/\/adler-krumbach.at\/wordpress\/wp-content\/uploads\/2016\/08\/IMG_6745w.jpg\" data-attachment-id=\"281\" data-type=\"image\" class=\"fg-thumb\" rel=\"lightbox[53]\"><span class=\"fg-image-wrap\"><img decoding=\"async\" width=\"280\" height=\"150\" class=\"skip-lazy fg-image\" data-src-fg=\"https:\/\/adler-krumbach.at\/wordpress\/wp-content\/uploads\/cache\/2016\/08\/IMG_6745w\/1032730077.jpg\" src=\"data:image\/svg+xml,%3Csvg%20xmlns%3D%22http%3A%2F%2Fwww.w3.org%2F2000%2Fsvg%22%20width%3D%22280%22%20height%3D%22150%22%20viewBox%3D%220%200%20280%20150%22%3E%3C%2Fsvg%3E\" loading=\"eager\"><\/span><span class=\"fg-image-overlay\"><\/span><\/a><figcaption class=\"fg-caption\"><div class=\"fg-caption-inner\"><\/div><\/figcaption><\/figure><div class=\"fg-loader\"><\/div><\/div><div class=\"fg-item fg-type-image fg-idle\"><figure class=\"fg-item-inner\"><a href=\"https:\/\/adler-krumbach.at\/wordpress\/wp-content\/uploads\/2016\/08\/IMG_6737w.jpg\" data-attachment-id=\"278\" data-type=\"image\" class=\"fg-thumb\" rel=\"lightbox[53]\"><span class=\"fg-image-wrap\"><img decoding=\"async\" width=\"280\" height=\"150\" class=\"skip-lazy fg-image\" data-src-fg=\"https:\/\/adler-krumbach.at\/wordpress\/wp-content\/uploads\/cache\/2016\/08\/IMG_6737w\/92039086.jpg\" src=\"data:image\/svg+xml,%3Csvg%20xmlns%3D%22http%3A%2F%2Fwww.w3.org%2F2000%2Fsvg%22%20width%3D%22280%22%20height%3D%22150%22%20viewBox%3D%220%200%20280%20150%22%3E%3C%2Fsvg%3E\" loading=\"eager\"><\/span><span class=\"fg-image-overlay\"><\/span><\/a><figcaption class=\"fg-caption\"><div class=\"fg-caption-inner\"><\/div><\/figcaption><\/figure><div class=\"fg-loader\"><\/div><\/div><div class=\"fg-item fg-type-image fg-idle\"><figure class=\"fg-item-inner\"><a href=\"https:\/\/adler-krumbach.at\/wordpress\/wp-content\/uploads\/2016\/08\/IMG_6742w.jpg\" data-attachment-id=\"279\" data-type=\"image\" class=\"fg-thumb\" rel=\"lightbox[53]\"><span class=\"fg-image-wrap\"><img decoding=\"async\" width=\"280\" height=\"150\" class=\"skip-lazy fg-image\" data-src-fg=\"https:\/\/adler-krumbach.at\/wordpress\/wp-content\/uploads\/cache\/2016\/08\/IMG_6742w\/4278874460.jpg\" src=\"data:image\/svg+xml,%3Csvg%20xmlns%3D%22http%3A%2F%2Fwww.w3.org%2F2000%2Fsvg%22%20width%3D%22280%22%20height%3D%22150%22%20viewBox%3D%220%200%20280%20150%22%3E%3C%2Fsvg%3E\" loading=\"eager\"><\/span><span class=\"fg-image-overlay\"><\/span><\/a><figcaption class=\"fg-caption\"><div class=\"fg-caption-inner\"><\/div><\/figcaption><\/figure><div class=\"fg-loader\"><\/div><\/div><div class=\"fg-item fg-type-image fg-idle\"><figure class=\"fg-item-inner\"><a href=\"https:\/\/adler-krumbach.at\/wordpress\/wp-content\/uploads\/2016\/08\/IMG_6773w.jpg\" data-attachment-id=\"283\" data-type=\"image\" class=\"fg-thumb\" rel=\"lightbox[53]\"><span class=\"fg-image-wrap\"><img decoding=\"async\" width=\"280\" height=\"150\" class=\"skip-lazy fg-image\" data-src-fg=\"https:\/\/adler-krumbach.at\/wordpress\/wp-content\/uploads\/cache\/2016\/08\/IMG_6773w\/31024860.jpg\" src=\"data:image\/svg+xml,%3Csvg%20xmlns%3D%22http%3A%2F%2Fwww.w3.org%2F2000%2Fsvg%22%20width%3D%22280%22%20height%3D%22150%22%20viewBox%3D%220%200%20280%20150%22%3E%3C%2Fsvg%3E\" loading=\"eager\"><\/span><span class=\"fg-image-overlay\"><\/span><\/a><figcaption class=\"fg-caption\"><div class=\"fg-caption-inner\"><\/div><\/figcaption><\/figure><div class=\"fg-loader\"><\/div><\/div><div class=\"fg-item fg-type-image fg-idle\"><figure class=\"fg-item-inner\"><a href=\"https:\/\/adler-krumbach.at\/wordpress\/wp-content\/uploads\/2016\/08\/IMG_6783w.jpg\" data-attachment-id=\"284\" data-type=\"image\" class=\"fg-thumb\" rel=\"lightbox[53]\"><span class=\"fg-image-wrap\"><img decoding=\"async\" width=\"280\" height=\"150\" class=\"skip-lazy fg-image\" data-src-fg=\"https:\/\/adler-krumbach.at\/wordpress\/wp-content\/uploads\/cache\/2016\/08\/IMG_6783w\/2500968780.jpg\" src=\"data:image\/svg+xml,%3Csvg%20xmlns%3D%22http%3A%2F%2Fwww.w3.org%2F2000%2Fsvg%22%20width%3D%22280%22%20height%3D%22150%22%20viewBox%3D%220%200%20280%20150%22%3E%3C%2Fsvg%3E\" loading=\"eager\"><\/span><span class=\"fg-image-overlay\"><\/span><\/a><figcaption class=\"fg-caption\"><div class=\"fg-caption-inner\"><\/div><\/figcaption><\/figure><div class=\"fg-loader\"><\/div><\/div><div class=\"fg-item fg-type-image fg-idle\"><figure class=\"fg-item-inner\"><a href=\"https:\/\/adler-krumbach.at\/wordpress\/wp-content\/uploads\/2016\/08\/IMG_6792w.jpg\" data-attachment-id=\"285\" data-type=\"image\" class=\"fg-thumb\" rel=\"lightbox[53]\"><span class=\"fg-image-wrap\"><img decoding=\"async\" width=\"280\" height=\"150\" class=\"skip-lazy fg-image\" data-src-fg=\"https:\/\/adler-krumbach.at\/wordpress\/wp-content\/uploads\/cache\/2016\/08\/IMG_6792w\/1066792693.jpg\" src=\"data:image\/svg+xml,%3Csvg%20xmlns%3D%22http%3A%2F%2Fwww.w3.org%2F2000%2Fsvg%22%20width%3D%22280%22%20height%3D%22150%22%20viewBox%3D%220%200%20280%20150%22%3E%3C%2Fsvg%3E\" loading=\"eager\"><\/span><span class=\"fg-image-overlay\"><\/span><\/a><figcaption class=\"fg-caption\"><div class=\"fg-caption-inner\"><\/div><\/figcaption><\/figure><div class=\"fg-loader\"><\/div><\/div><div class=\"fg-item fg-type-image fg-idle\"><figure class=\"fg-item-inner\"><a href=\"https:\/\/adler-krumbach.at\/wordpress\/wp-content\/uploads\/2016\/08\/IMG_6840w.jpg\" data-attachment-id=\"286\" data-type=\"image\" class=\"fg-thumb\" rel=\"lightbox[53]\"><span class=\"fg-image-wrap\"><img decoding=\"async\" width=\"280\" height=\"150\" class=\"skip-lazy fg-image\" data-src-fg=\"https:\/\/adler-krumbach.at\/wordpress\/wp-content\/uploads\/cache\/2016\/08\/IMG_6840w\/2166519881.jpg\" src=\"data:image\/svg+xml,%3Csvg%20xmlns%3D%22http%3A%2F%2Fwww.w3.org%2F2000%2Fsvg%22%20width%3D%22280%22%20height%3D%22150%22%20viewBox%3D%220%200%20280%20150%22%3E%3C%2Fsvg%3E\" loading=\"eager\"><\/span><span class=\"fg-image-overlay\"><\/span><\/a><figcaption class=\"fg-caption\"><div class=\"fg-caption-inner\"><\/div><\/figcaption><\/figure><div class=\"fg-loader\"><\/div><\/div><div class=\"fg-item fg-type-image fg-idle\"><figure class=\"fg-item-inner\"><a href=\"https:\/\/adler-krumbach.at\/wordpress\/wp-content\/uploads\/2016\/08\/IMG_6843w.jpg\" data-attachment-id=\"287\" data-type=\"image\" class=\"fg-thumb\" rel=\"lightbox[53]\"><span class=\"fg-image-wrap\"><img decoding=\"async\" width=\"280\" height=\"150\" class=\"skip-lazy fg-image\" data-src-fg=\"https:\/\/adler-krumbach.at\/wordpress\/wp-content\/uploads\/cache\/2016\/08\/IMG_6843w\/3935439944.jpg\" src=\"data:image\/svg+xml,%3Csvg%20xmlns%3D%22http%3A%2F%2Fwww.w3.org%2F2000%2Fsvg%22%20width%3D%22280%22%20height%3D%22150%22%20viewBox%3D%220%200%20280%20150%22%3E%3C%2Fsvg%3E\" loading=\"eager\"><\/span><span class=\"fg-image-overlay\"><\/span><\/a><figcaption class=\"fg-caption\"><div class=\"fg-caption-inner\"><\/div><\/figcaption><\/figure><div class=\"fg-loader\"><\/div><\/div><div class=\"fg-item fg-type-image fg-idle\"><figure class=\"fg-item-inner\"><a href=\"https:\/\/adler-krumbach.at\/wordpress\/wp-content\/uploads\/2016\/08\/IMG_6889w.jpg\" data-attachment-id=\"288\" data-type=\"image\" class=\"fg-thumb\" rel=\"lightbox[53]\"><span class=\"fg-image-wrap\"><img decoding=\"async\" width=\"280\" height=\"150\" class=\"skip-lazy fg-image\" data-src-fg=\"https:\/\/adler-krumbach.at\/wordpress\/wp-content\/uploads\/cache\/2016\/08\/IMG_6889w\/4231714470.jpg\" src=\"data:image\/svg+xml,%3Csvg%20xmlns%3D%22http%3A%2F%2Fwww.w3.org%2F2000%2Fsvg%22%20width%3D%22280%22%20height%3D%22150%22%20viewBox%3D%220%200%20280%20150%22%3E%3C%2Fsvg%3E\" loading=\"eager\"><\/span><span class=\"fg-image-overlay\"><\/span><\/a><figcaption class=\"fg-caption\"><div class=\"fg-caption-inner\"><\/div><\/figcaption><\/figure><div class=\"fg-loader\"><\/div><\/div><\/div>\r\n\n","protected":false},"excerpt":{"rendered":"<p>&nbsp;<\/p>\n","protected":false},"author":1,"featured_media":0,"parent":0,"menu_order":0,"comment_status":"closed","ping_status":"closed","template":"template-fullwidth.php","meta":{"footnotes":""},"class_list":["post-53","page","type-page","status-publish","hentry"],"_links":{"self":[{"href":"https:\/\/adler-krumbach.at\/wordpress\/wp-json\/wp\/v2\/pages\/53","targetHints":{"allow":["GET"]}}],"collection":[{"href":"https:\/\/adler-krumbach.at\/wordpress\/wp-json\/wp\/v2\/pages"}],"about":[{"href":"https:\/\/adler-krumbach.at\/wordpress\/wp-json\/wp\/v2\/types\/page"}],"author":[{"embeddable":true,"href":"https:\/\/adler-krumbach.at\/wordpress\/wp-json\/wp\/v2\/users\/1"}],"replies":[{"embeddable":true,"href":"https:\/\/adler-krumbach.at\/wordpress\/wp-json\/wp\/v2\/comments?post=53"}],"version-history":[{"count":0,"href":"https:\/\/adler-krumbach.at\/wordpress\/wp-json\/wp\/v2\/pages\/53\/revisions"}],"wp:attachment":[{"href":"https:\/\/adler-krumbach.at\/wordpress\/wp-json\/wp\/v2\/media?parent=53"}],"curies":[{"name":"wp","href":"https:\/\/api.w.org\/{rel}","templated":true}]}}