{"id":56,"date":"2015-09-29T13:41:12","date_gmt":"2015-09-29T11:41:12","guid":{"rendered":"http:\/\/www.haraldschwarz.at\/designs\/?page_id=56"},"modified":"2016-09-25T14:18:57","modified_gmt":"2016-09-25T14:18:57","slug":"kueche-restaurant","status":"publish","type":"page","link":"https:\/\/adler-krumbach.at\/wordpress\/kueche-restaurant\/","title":{"rendered":"K\u00fcche &#038; Restaurant"},"content":{"rendered":"<p><img loading=\"lazy\" decoding=\"async\" class=\"alignnone wp-image-194 size-full\" src=\"http:\/\/adler-krumbach.at\/wordpress\/wp-content\/uploads\/2015\/09\/IMG_6601w-e1470253867861.jpg\" alt=\"gourmetrestaurant adler krumbach\" width=\"1500\" height=\"570\" srcset=\"https:\/\/adler-krumbach.at\/wordpress\/wp-content\/uploads\/2015\/09\/IMG_6601w-e1470253867861.jpg 1500w, https:\/\/adler-krumbach.at\/wordpress\/wp-content\/uploads\/2015\/09\/IMG_6601w-e1470253867861-300x114.jpg 300w, https:\/\/adler-krumbach.at\/wordpress\/wp-content\/uploads\/2015\/09\/IMG_6601w-e1470253867861-768x292.jpg 768w, https:\/\/adler-krumbach.at\/wordpress\/wp-content\/uploads\/2015\/09\/IMG_6601w-e1470253867861-1024x389.jpg 1024w\" sizes=\"auto, (max-width: 1500px) 100vw, 1500px\" \/><\/p>\n<div class=\"omsc-one-half\">\n<p>K\u00dcCHE UND GOURMET-RESTAURANT:<\/p>\n<h2>Frisch in der K\u00fcche &#8211; Charmant im Restaurant<\/h2>\n<p>Hier kocht der Chef und legt dabei besonderen Wert auf Frische und Regionalit\u00e4t \u2013 das schmeckt man! Es gibt keine Erdbeeren an Weihachten, daf\u00fcr Wild in der Jagdzeit. Saisonale Produkte aus der eigener Landwirtschaft und aus der Region werden frisch verarbeitet und der Genuss wirkt nachhaltig.<\/p>\n<p>&nbsp;<\/p>\n<p>&nbsp;<\/p>\n<p>Hell und freundlich strahlt das Restaurant, elegant und gem\u00fctlich. Es ist behindertengerecht eingerichtet und wird als Nichtraucherhaus sehr gesch\u00e4tzt. Feste, Veranstaltungen und besondere Anl\u00e4sse lassen sich nach Ihren W\u00fcnschen gestalten. Wir verw\u00f6hnen Sie gerne!<\/p>\n<p>&nbsp;<\/p>\n<h2>Kastaniengarten<\/h2>\n<p>Unser wunderbarer Kastaniengarten ladet ein zum Feste feiern. Der ideale Treffpunkt f\u00fcr Hochzeiten , Taufen, Geburtstage oder Familienfeste.<\/p>\n<p>Egal ob zum Apero, Agape oder beim romatischen Dinner zu Zweit.<br \/>\n<div class=\"clear\"><\/div><\/div><div class=\"omsc-one-half omsc-last\">\n<p><img loading=\"lazy\" decoding=\"async\" class=\"alignnone wp-image-193 size-full\" src=\"http:\/\/adler-krumbach.at\/wordpress\/wp-content\/uploads\/2015\/09\/IMG_683w2w-e1470254525685.jpg\" width=\"2000\" height=\"920\" srcset=\"https:\/\/adler-krumbach.at\/wordpress\/wp-content\/uploads\/2015\/09\/IMG_683w2w-e1470254525685.jpg 2000w, https:\/\/adler-krumbach.at\/wordpress\/wp-content\/uploads\/2015\/09\/IMG_683w2w-e1470254525685-300x138.jpg 300w, https:\/\/adler-krumbach.at\/wordpress\/wp-content\/uploads\/2015\/09\/IMG_683w2w-e1470254525685-768x353.jpg 768w, https:\/\/adler-krumbach.at\/wordpress\/wp-content\/uploads\/2015\/09\/IMG_683w2w-e1470254525685-1024x471.jpg 1024w\" sizes=\"auto, (max-width: 2000px) 100vw, 2000px\" \/><\/p>\n<p><img loading=\"lazy\" decoding=\"async\" class=\"alignnone size-full wp-image-167\" src=\"http:\/\/adler-krumbach.at\/wordpress\/wp-content\/uploads\/2015\/09\/garten_5832w.jpg\" alt=\"garten_5832w\" width=\"1100\" height=\"704\" srcset=\"https:\/\/adler-krumbach.at\/wordpress\/wp-content\/uploads\/2015\/09\/garten_5832w.jpg 1100w, https:\/\/adler-krumbach.at\/wordpress\/wp-content\/uploads\/2015\/09\/garten_5832w-300x192.jpg 300w, https:\/\/adler-krumbach.at\/wordpress\/wp-content\/uploads\/2015\/09\/garten_5832w-768x492.jpg 768w, https:\/\/adler-krumbach.at\/wordpress\/wp-content\/uploads\/2015\/09\/garten_5832w-1024x655.jpg 1024w\" sizes=\"auto, (max-width: 1100px) 100vw, 1100px\" \/><br \/>\n<div class=\"clear\"><\/div><\/div><div class=\"omsc-clear\"><\/div><\/p>\n<div class=\"omsc-clear\" style=\"height:80px\"><\/div>\n<style type=\"text\/css\">\r\n\t#foogallery-gallery-309 .fg-image {\r\n        width: 280px;\r\n    }\r\n<\/style>\r\n\t\t\t\t<div class=\"foogallery foogallery-container foogallery-default foogallery-lightbox-foogallery fg-gutter-20 fg-left fg-default fg-light fg-border-thin fg-shadow-small fg-loading-default fg-loaded-fade-in fg-hover-fade fg-hover-circle-plus fg-ready\" id=\"foogallery-gallery-309\" data-foogallery=\"{&quot;item&quot;:{&quot;showCaptionTitle&quot;:true,&quot;showCaptionDescription&quot;:false},&quot;lazy&quot;:true}\" >\r\n\t<div class=\"fg-item fg-type-image fg-idle\"><figure class=\"fg-item-inner\"><a href=\"https:\/\/adler-krumbach.at\/wordpress\/wp-content\/uploads\/2016\/08\/IMG_6603w.jpg\" data-attachment-id=\"310\" data-type=\"image\" class=\"fg-thumb\" rel=\"lightbox[56]\"><span class=\"fg-image-wrap\"><img decoding=\"async\" width=\"280\" height=\"150\" class=\"skip-lazy fg-image\" data-src-fg=\"https:\/\/adler-krumbach.at\/wordpress\/wp-content\/uploads\/cache\/2016\/08\/IMG_6603w\/241257172.jpg\" src=\"data:image\/svg+xml,%3Csvg%20xmlns%3D%22http%3A%2F%2Fwww.w3.org%2F2000%2Fsvg%22%20width%3D%22280%22%20height%3D%22150%22%20viewBox%3D%220%200%20280%20150%22%3E%3C%2Fsvg%3E\" loading=\"eager\"><\/span><span class=\"fg-image-overlay\"><\/span><\/a><figcaption class=\"fg-caption\"><div class=\"fg-caption-inner\"><\/div><\/figcaption><\/figure><div class=\"fg-loader\"><\/div><\/div><div class=\"fg-item fg-type-image fg-idle\"><figure class=\"fg-item-inner\"><a href=\"https:\/\/adler-krumbach.at\/wordpress\/wp-content\/uploads\/2016\/08\/IMG_6609w.jpg\" data-attachment-id=\"311\" data-type=\"image\" class=\"fg-thumb\" rel=\"lightbox[56]\"><span class=\"fg-image-wrap\"><img decoding=\"async\" width=\"280\" height=\"150\" class=\"skip-lazy fg-image\" data-src-fg=\"https:\/\/adler-krumbach.at\/wordpress\/wp-content\/uploads\/cache\/2016\/08\/IMG_6609w\/3379726478.jpg\" src=\"data:image\/svg+xml,%3Csvg%20xmlns%3D%22http%3A%2F%2Fwww.w3.org%2F2000%2Fsvg%22%20width%3D%22280%22%20height%3D%22150%22%20viewBox%3D%220%200%20280%20150%22%3E%3C%2Fsvg%3E\" loading=\"eager\"><\/span><span class=\"fg-image-overlay\"><\/span><\/a><figcaption class=\"fg-caption\"><div class=\"fg-caption-inner\"><\/div><\/figcaption><\/figure><div class=\"fg-loader\"><\/div><\/div><div class=\"fg-item fg-type-image fg-idle\"><figure class=\"fg-item-inner\"><a href=\"https:\/\/adler-krumbach.at\/wordpress\/wp-content\/uploads\/2016\/08\/IMG_6640w.jpg\" data-attachment-id=\"312\" data-type=\"image\" class=\"fg-thumb\" rel=\"lightbox[56]\"><span class=\"fg-image-wrap\"><img decoding=\"async\" width=\"280\" height=\"150\" class=\"skip-lazy fg-image\" data-src-fg=\"https:\/\/adler-krumbach.at\/wordpress\/wp-content\/uploads\/cache\/2016\/08\/IMG_6640w\/2591901667.jpg\" src=\"data:image\/svg+xml,%3Csvg%20xmlns%3D%22http%3A%2F%2Fwww.w3.org%2F2000%2Fsvg%22%20width%3D%22280%22%20height%3D%22150%22%20viewBox%3D%220%200%20280%20150%22%3E%3C%2Fsvg%3E\" loading=\"eager\"><\/span><span class=\"fg-image-overlay\"><\/span><\/a><figcaption class=\"fg-caption\"><div class=\"fg-caption-inner\"><\/div><\/figcaption><\/figure><div class=\"fg-loader\"><\/div><\/div><div class=\"fg-item fg-type-image fg-idle\"><figure class=\"fg-item-inner\"><a href=\"https:\/\/adler-krumbach.at\/wordpress\/wp-content\/uploads\/2016\/08\/IMG_6662-2w.jpg\" data-attachment-id=\"313\" data-type=\"image\" class=\"fg-thumb\" rel=\"lightbox[56]\"><span class=\"fg-image-wrap\"><img decoding=\"async\" width=\"280\" height=\"150\" class=\"skip-lazy fg-image\" data-src-fg=\"https:\/\/adler-krumbach.at\/wordpress\/wp-content\/uploads\/cache\/2016\/08\/IMG_6662-2w\/3235920516.jpg\" src=\"data:image\/svg+xml,%3Csvg%20xmlns%3D%22http%3A%2F%2Fwww.w3.org%2F2000%2Fsvg%22%20width%3D%22280%22%20height%3D%22150%22%20viewBox%3D%220%200%20280%20150%22%3E%3C%2Fsvg%3E\" loading=\"eager\"><\/span><span class=\"fg-image-overlay\"><\/span><\/a><figcaption class=\"fg-caption\"><div class=\"fg-caption-inner\"><\/div><\/figcaption><\/figure><div class=\"fg-loader\"><\/div><\/div><div class=\"fg-item fg-type-image fg-idle\"><figure class=\"fg-item-inner\"><a href=\"https:\/\/adler-krumbach.at\/wordpress\/wp-content\/uploads\/2016\/08\/IMG_6689_frei2w.jpg\" data-attachment-id=\"314\" data-type=\"image\" class=\"fg-thumb\" rel=\"lightbox[56]\"><span class=\"fg-image-wrap\"><img decoding=\"async\" width=\"280\" height=\"150\" class=\"skip-lazy fg-image\" data-src-fg=\"https:\/\/adler-krumbach.at\/wordpress\/wp-content\/uploads\/cache\/2016\/08\/IMG_6689_frei2w\/2482851617.jpg\" src=\"data:image\/svg+xml,%3Csvg%20xmlns%3D%22http%3A%2F%2Fwww.w3.org%2F2000%2Fsvg%22%20width%3D%22280%22%20height%3D%22150%22%20viewBox%3D%220%200%20280%20150%22%3E%3C%2Fsvg%3E\" loading=\"eager\"><\/span><span class=\"fg-image-overlay\"><\/span><\/a><figcaption class=\"fg-caption\"><div class=\"fg-caption-inner\"><\/div><\/figcaption><\/figure><div class=\"fg-loader\"><\/div><\/div><div class=\"fg-item fg-type-image fg-idle\"><figure class=\"fg-item-inner\"><a href=\"https:\/\/adler-krumbach.at\/wordpress\/wp-content\/uploads\/2016\/08\/IMG_66892w.jpg\" data-attachment-id=\"315\" data-type=\"image\" class=\"fg-thumb\" rel=\"lightbox[56]\"><span class=\"fg-image-wrap\"><img decoding=\"async\" width=\"280\" height=\"150\" class=\"skip-lazy fg-image\" data-src-fg=\"https:\/\/adler-krumbach.at\/wordpress\/wp-content\/uploads\/cache\/2016\/08\/IMG_66892w\/2458125836.jpg\" src=\"data:image\/svg+xml,%3Csvg%20xmlns%3D%22http%3A%2F%2Fwww.w3.org%2F2000%2Fsvg%22%20width%3D%22280%22%20height%3D%22150%22%20viewBox%3D%220%200%20280%20150%22%3E%3C%2Fsvg%3E\" loading=\"eager\"><\/span><span class=\"fg-image-overlay\"><\/span><\/a><figcaption class=\"fg-caption\"><div class=\"fg-caption-inner\"><\/div><\/figcaption><\/figure><div class=\"fg-loader\"><\/div><\/div><div class=\"fg-item fg-type-image fg-idle\"><figure class=\"fg-item-inner\"><a href=\"https:\/\/adler-krumbach.at\/wordpress\/wp-content\/uploads\/2016\/08\/DSC_0077w.jpg\" data-attachment-id=\"316\" data-type=\"image\" class=\"fg-thumb\" rel=\"lightbox[56]\"><span class=\"fg-image-wrap\"><img decoding=\"async\" width=\"280\" height=\"150\" class=\"skip-lazy fg-image\" data-src-fg=\"https:\/\/adler-krumbach.at\/wordpress\/wp-content\/uploads\/cache\/2016\/08\/DSC_0077w\/953192867.jpg\" src=\"data:image\/svg+xml,%3Csvg%20xmlns%3D%22http%3A%2F%2Fwww.w3.org%2F2000%2Fsvg%22%20width%3D%22280%22%20height%3D%22150%22%20viewBox%3D%220%200%20280%20150%22%3E%3C%2Fsvg%3E\" loading=\"eager\"><\/span><span class=\"fg-image-overlay\"><\/span><\/a><figcaption class=\"fg-caption\"><div class=\"fg-caption-inner\"><\/div><\/figcaption><\/figure><div class=\"fg-loader\"><\/div><\/div><div class=\"fg-item fg-type-image fg-idle\"><figure class=\"fg-item-inner\"><a href=\"https:\/\/adler-krumbach.at\/wordpress\/wp-content\/uploads\/2016\/08\/DSCN1034w.jpg\" data-attachment-id=\"317\" data-type=\"image\" class=\"fg-thumb\" rel=\"lightbox[56]\"><span class=\"fg-image-wrap\"><img decoding=\"async\" width=\"280\" height=\"150\" class=\"skip-lazy fg-image\" data-src-fg=\"https:\/\/adler-krumbach.at\/wordpress\/wp-content\/uploads\/cache\/2016\/08\/DSCN1034w\/2831120104.jpg\" src=\"data:image\/svg+xml,%3Csvg%20xmlns%3D%22http%3A%2F%2Fwww.w3.org%2F2000%2Fsvg%22%20width%3D%22280%22%20height%3D%22150%22%20viewBox%3D%220%200%20280%20150%22%3E%3C%2Fsvg%3E\" loading=\"eager\"><\/span><span class=\"fg-image-overlay\"><\/span><\/a><figcaption class=\"fg-caption\"><div class=\"fg-caption-inner\"><\/div><\/figcaption><\/figure><div class=\"fg-loader\"><\/div><\/div><div class=\"fg-item fg-type-image fg-idle\"><figure class=\"fg-item-inner\"><a href=\"https:\/\/adler-krumbach.at\/wordpress\/wp-content\/uploads\/2016\/08\/DSCN2665w.jpg\" data-attachment-id=\"319\" data-type=\"image\" class=\"fg-thumb\" rel=\"lightbox[56]\"><span class=\"fg-image-wrap\"><img decoding=\"async\" width=\"280\" height=\"150\" class=\"skip-lazy fg-image\" data-src-fg=\"https:\/\/adler-krumbach.at\/wordpress\/wp-content\/uploads\/cache\/2016\/08\/DSCN2665w\/222382438.jpg\" src=\"data:image\/svg+xml,%3Csvg%20xmlns%3D%22http%3A%2F%2Fwww.w3.org%2F2000%2Fsvg%22%20width%3D%22280%22%20height%3D%22150%22%20viewBox%3D%220%200%20280%20150%22%3E%3C%2Fsvg%3E\" loading=\"eager\"><\/span><span class=\"fg-image-overlay\"><\/span><\/a><figcaption class=\"fg-caption\"><div class=\"fg-caption-inner\"><\/div><\/figcaption><\/figure><div class=\"fg-loader\"><\/div><\/div><\/div>\r\n\n<p>&nbsp;<\/p>\n<p>&nbsp;<\/p>\n<p>&nbsp;<\/p>\n<p>&nbsp;<\/p>\n<p>&nbsp;<\/p>\n","protected":false},"excerpt":{"rendered":"<p>&nbsp; &nbsp; &nbsp; &nbsp; &nbsp;<\/p>\n","protected":false},"author":1,"featured_media":0,"parent":0,"menu_order":0,"comment_status":"closed","ping_status":"closed","template":"template-fullwidth.php","meta":{"footnotes":""},"class_list":["post-56","page","type-page","status-publish","hentry"],"_links":{"self":[{"href":"https:\/\/adler-krumbach.at\/wordpress\/wp-json\/wp\/v2\/pages\/56","targetHints":{"allow":["GET"]}}],"collection":[{"href":"https:\/\/adler-krumbach.at\/wordpress\/wp-json\/wp\/v2\/pages"}],"about":[{"href":"https:\/\/adler-krumbach.at\/wordpress\/wp-json\/wp\/v2\/types\/page"}],"author":[{"embeddable":true,"href":"https:\/\/adler-krumbach.at\/wordpress\/wp-json\/wp\/v2\/users\/1"}],"replies":[{"embeddable":true,"href":"https:\/\/adler-krumbach.at\/wordpress\/wp-json\/wp\/v2\/comments?post=56"}],"version-history":[{"count":0,"href":"https:\/\/adler-krumbach.at\/wordpress\/wp-json\/wp\/v2\/pages\/56\/revisions"}],"wp:attachment":[{"href":"https:\/\/adler-krumbach.at\/wordpress\/wp-json\/wp\/v2\/media?parent=56"}],"curies":[{"name":"wp","href":"https:\/\/api.w.org\/{rel}","templated":true}]}}