{"id":606,"date":"2017-11-24T12:09:04","date_gmt":"2017-11-24T12:09:04","guid":{"rendered":"http:\/\/adler-krumbach.at\/wordpress\/?page_id=606"},"modified":"2022-05-26T13:03:39","modified_gmt":"2022-05-26T13:03:39","slug":"ferienwohnung","status":"publish","type":"page","link":"https:\/\/adler-krumbach.at\/wordpress\/ferienwohnung\/","title":{"rendered":"Ferienwohnung"},"content":{"rendered":"<p><img loading=\"lazy\" decoding=\"async\" class=\"alignnone size-full wp-image-621 aligncenter\" src=\"http:\/\/adler-krumbach.at\/wordpress\/wp-content\/uploads\/2017\/11\/adler-krumbach2w.jpg\" alt=\"\" width=\"847\" height=\"453\" srcset=\"https:\/\/adler-krumbach.at\/wordpress\/wp-content\/uploads\/2017\/11\/adler-krumbach2w.jpg 847w, https:\/\/adler-krumbach.at\/wordpress\/wp-content\/uploads\/2017\/11\/adler-krumbach2w-300x160.jpg 300w, https:\/\/adler-krumbach.at\/wordpress\/wp-content\/uploads\/2017\/11\/adler-krumbach2w-768x411.jpg 768w\" sizes=\"auto, (max-width: 847px) 100vw, 847px\" \/><\/p>\n<h1>Unsere Ferienwohnung<\/h1>\n<h2>Der Langstein<\/h2>\n<p>in Mitten der Natur, in absolut ruhiger Lage, da liegt er, der Langstein. Sie wohnen ca. 4 km vom Ortskern Sulzberg entfernt, im Obergeschoss eines Einfamilienhauses , einer ca. 70 m<sup>2 <\/sup>Nichtraucher-Wohnung mit einer 15 m<sup>2<\/sup> Terrasse. Wenn es die winterlichen Verh\u00e4ltnisse zulassen, direkt an der Skipiste der Hagenberg-Liftanlage.<\/p>\n<p><strong>Was erwartet sie:<\/strong><br \/>\nBoden und Decke aus heimischen H\u00f6lzern und eine moderne K\u00fcche mit Markenger\u00e4ten, Wohn-Essbereich mit gro\u00dfem Sofa (ausziehbar f\u00fcr Schlafm\u00f6glichkeit 120\/180) sowie ein exklusives Bad mit Dusche, Wanne, WC, Haarf\u00f6n &#8230;, zus\u00e4tzliches separates WC, ein ger\u00e4umiger Schlafraum mit einem Doppelbett (180\/200).<\/p>\n<div class=\"omsc-one-half\">\n<p><img loading=\"lazy\" decoding=\"async\" class=\"alignnone size-full wp-image-609\" src=\"http:\/\/adler-krumbach.at\/wordpress\/wp-content\/uploads\/2017\/11\/fw_03.jpg\" alt=\"\" width=\"640\" height=\"480\" srcset=\"https:\/\/adler-krumbach.at\/wordpress\/wp-content\/uploads\/2017\/11\/fw_03.jpg 640w, https:\/\/adler-krumbach.at\/wordpress\/wp-content\/uploads\/2017\/11\/fw_03-300x225.jpg 300w\" sizes=\"auto, (max-width: 640px) 100vw, 640px\" \/><\/p>\n<p><div class=\"clear\"><\/div><\/div><div class=\"omsc-one-half omsc-last\">\n<p><strong>Im Aufenthalt inklusive:<\/strong><\/p>\n<ul>\n<li>WLan<\/li>\n<li>Sat TV<\/li>\n<li>Handt\u00fccher &amp; Bettw\u00e4sche<\/li>\n<li>Kinderbett auf Wunsch 120\/60<\/li>\n<li>Bregenzerwald Card, ab 3 N\u00e4chte Aufenthalt (von Mai bis Oktober)<\/li>\n<\/ul>\n<p>Preis f\u00fcr 2 Erwachsene ohne Verpflegung<br \/>\np. Nacht \u20ac 100,&#8211; inkl. G\u00e4stetaxe<\/p>\n<p>Mindestaufenthaltsdauer: 3 N\u00e4chte<br \/>\nMaximalbelegung: 2 Erw. +1 Kind<br \/>\nEndreinigung: \u20ac 80,&#8211; p. Aufenthalt<\/p>\n<p>Kinder bis 3 Jahre wohnen kostenlos<br \/>\njede weiter Person \u20ac 30,-\/ Nacht<br \/>\nHaustiere erlaubt, nach Absprache.\u00a0 \u00a0 \u00a0 \u00a0 \u00a0 \u00a0 \u00a0 \u00a0 \u00a0 \u00a0 \u00a0 \u00a0 \u00a0 \u00a0(Aufpreis \u20ac 15,&#8211;\/Nacht)<\/p>\n<p>Nur Barzahlung m\u00f6glich!<\/p>\n<div class=\"jsn-bootstrap3 wr-element-container wr-element-image\"><div class=\"omsc-clear\" style=\"height:30px\"><\/div><a class=\"omsc-button omsc-custom-hover omsc-size-medium omsc-style-emboss omsc-text-bright\" href=\"http:\/\/adler-krumbach.at\/wordpress\/anfrage-zimmer\/\" style=\"background-color:#9b2222;border-color:#9b2222;color:#ffffff\" data-hover-bg-color=\"#9b2222\" data-hover-text-color=\"#ffffff\" data-hover-border-color=\"#9b2222\">ANFRAGE<\/a><\/div>\n<p><div class=\"clear\"><\/div><\/div><div class=\"omsc-clear\"><\/div><\/p>\n<style type=\"text\/css\">\r\n\t#foogallery-gallery-612 .fg-image {\r\n        width: 220px;\r\n    }\r\n<\/style>\r\n\t\t\t\t<div class=\"foogallery foogallery-container foogallery-default foogallery-lightbox-none fg-gutter-10 fg-left fg-default fg-light fg-border-thin fg-shadow-outline fg-loading-default fg-loaded-fade-in fg-caption-hover fg-hover-fade fg-hover-circle-plus fg-ready\" id=\"foogallery-gallery-612\" data-foogallery=\"{&quot;item&quot;:{&quot;showCaptionTitle&quot;:true,&quot;showCaptionDescription&quot;:true},&quot;lazy&quot;:true}\" >\r\n\t<div class=\"fg-item fg-type-image fg-idle\"><figure class=\"fg-item-inner\"><a href=\"https:\/\/adler-krumbach.at\/wordpress\/wp-content\/uploads\/2017\/07\/IMG_0899w.jpg\" data-attachment-id=\"553\" data-type=\"image\" class=\"fg-thumb\" rel=\"lightbox[606]\"><span class=\"fg-image-wrap\"><img decoding=\"async\" width=\"220\" height=\"125\" class=\"skip-lazy fg-image\" data-src-fg=\"https:\/\/adler-krumbach.at\/wordpress\/wp-content\/uploads\/cache\/2017\/07\/IMG_0899w\/2024969109.jpg\" src=\"data:image\/svg+xml,%3Csvg%20xmlns%3D%22http%3A%2F%2Fwww.w3.org%2F2000%2Fsvg%22%20width%3D%22220%22%20height%3D%22125%22%20viewBox%3D%220%200%20220%20125%22%3E%3C%2Fsvg%3E\" loading=\"eager\"><\/span><span class=\"fg-image-overlay\"><\/span><\/a><figcaption class=\"fg-caption\"><div class=\"fg-caption-inner\"><\/div><\/figcaption><\/figure><div class=\"fg-loader\"><\/div><\/div><div class=\"fg-item fg-type-image fg-idle\"><figure class=\"fg-item-inner\"><a href=\"https:\/\/adler-krumbach.at\/wordpress\/wp-content\/uploads\/2017\/11\/fw_01.jpg\" data-attachment-id=\"607\" data-type=\"image\" class=\"fg-thumb\" rel=\"lightbox[606]\"><span class=\"fg-image-wrap\"><img decoding=\"async\" width=\"220\" height=\"125\" class=\"skip-lazy fg-image\" data-src-fg=\"https:\/\/adler-krumbach.at\/wordpress\/wp-content\/uploads\/cache\/2017\/11\/fw_01\/1446763298.jpg\" src=\"data:image\/svg+xml,%3Csvg%20xmlns%3D%22http%3A%2F%2Fwww.w3.org%2F2000%2Fsvg%22%20width%3D%22220%22%20height%3D%22125%22%20viewBox%3D%220%200%20220%20125%22%3E%3C%2Fsvg%3E\" loading=\"eager\"><\/span><span class=\"fg-image-overlay\"><\/span><\/a><figcaption class=\"fg-caption\"><div class=\"fg-caption-inner\"><\/div><\/figcaption><\/figure><div class=\"fg-loader\"><\/div><\/div><div class=\"fg-item fg-type-image fg-idle\"><figure class=\"fg-item-inner\"><a href=\"https:\/\/adler-krumbach.at\/wordpress\/wp-content\/uploads\/2017\/11\/fw_02.jpg\" data-attachment-id=\"608\" data-type=\"image\" class=\"fg-thumb\" rel=\"lightbox[606]\"><span class=\"fg-image-wrap\"><img decoding=\"async\" width=\"220\" height=\"125\" class=\"skip-lazy fg-image\" data-src-fg=\"https:\/\/adler-krumbach.at\/wordpress\/wp-content\/uploads\/cache\/2017\/11\/fw_02\/2967372766.jpg\" src=\"data:image\/svg+xml,%3Csvg%20xmlns%3D%22http%3A%2F%2Fwww.w3.org%2F2000%2Fsvg%22%20width%3D%22220%22%20height%3D%22125%22%20viewBox%3D%220%200%20220%20125%22%3E%3C%2Fsvg%3E\" loading=\"eager\"><\/span><span class=\"fg-image-overlay\"><\/span><\/a><figcaption class=\"fg-caption\"><div class=\"fg-caption-inner\"><\/div><\/figcaption><\/figure><div class=\"fg-loader\"><\/div><\/div><div class=\"fg-item fg-type-image fg-idle\"><figure class=\"fg-item-inner\"><a href=\"https:\/\/adler-krumbach.at\/wordpress\/wp-content\/uploads\/2017\/11\/IMG_0137.jpg\" data-attachment-id=\"613\" data-type=\"image\" class=\"fg-thumb\" rel=\"lightbox[606]\"><span class=\"fg-image-wrap\"><img decoding=\"async\" width=\"220\" height=\"125\" class=\"skip-lazy fg-image\" data-src-fg=\"https:\/\/adler-krumbach.at\/wordpress\/wp-content\/uploads\/cache\/2017\/11\/IMG_0137\/522224236.jpg\" src=\"data:image\/svg+xml,%3Csvg%20xmlns%3D%22http%3A%2F%2Fwww.w3.org%2F2000%2Fsvg%22%20width%3D%22220%22%20height%3D%22125%22%20viewBox%3D%220%200%20220%20125%22%3E%3C%2Fsvg%3E\" loading=\"eager\"><\/span><span class=\"fg-image-overlay\"><\/span><\/a><figcaption class=\"fg-caption\"><div class=\"fg-caption-inner\"><\/div><\/figcaption><\/figure><div class=\"fg-loader\"><\/div><\/div><div class=\"fg-item fg-type-image fg-idle\"><figure class=\"fg-item-inner\"><a href=\"https:\/\/adler-krumbach.at\/wordpress\/wp-content\/uploads\/2017\/11\/IMG_0138.jpg\" data-attachment-id=\"614\" data-type=\"image\" class=\"fg-thumb\" rel=\"lightbox[606]\"><span class=\"fg-image-wrap\"><img decoding=\"async\" width=\"220\" height=\"125\" class=\"skip-lazy fg-image\" data-src-fg=\"https:\/\/adler-krumbach.at\/wordpress\/wp-content\/uploads\/cache\/2017\/11\/IMG_0138\/3039120280.jpg\" src=\"data:image\/svg+xml,%3Csvg%20xmlns%3D%22http%3A%2F%2Fwww.w3.org%2F2000%2Fsvg%22%20width%3D%22220%22%20height%3D%22125%22%20viewBox%3D%220%200%20220%20125%22%3E%3C%2Fsvg%3E\" loading=\"eager\"><\/span><span class=\"fg-image-overlay\"><\/span><\/a><figcaption class=\"fg-caption\"><div class=\"fg-caption-inner\"><\/div><\/figcaption><\/figure><div class=\"fg-loader\"><\/div><\/div><div class=\"fg-item fg-type-image fg-idle\"><figure class=\"fg-item-inner\"><a href=\"https:\/\/adler-krumbach.at\/wordpress\/wp-content\/uploads\/2017\/11\/IMG_0144.jpg\" data-attachment-id=\"615\" data-type=\"image\" class=\"fg-thumb\" rel=\"lightbox[606]\"><span class=\"fg-image-wrap\"><img decoding=\"async\" width=\"220\" height=\"125\" class=\"skip-lazy fg-image\" data-src-fg=\"https:\/\/adler-krumbach.at\/wordpress\/wp-content\/uploads\/cache\/2017\/11\/IMG_0144\/3544301997.jpg\" src=\"data:image\/svg+xml,%3Csvg%20xmlns%3D%22http%3A%2F%2Fwww.w3.org%2F2000%2Fsvg%22%20width%3D%22220%22%20height%3D%22125%22%20viewBox%3D%220%200%20220%20125%22%3E%3C%2Fsvg%3E\" loading=\"eager\"><\/span><span class=\"fg-image-overlay\"><\/span><\/a><figcaption class=\"fg-caption\"><div class=\"fg-caption-inner\"><\/div><\/figcaption><\/figure><div class=\"fg-loader\"><\/div><\/div><div class=\"fg-item fg-type-image fg-idle\"><figure class=\"fg-item-inner\"><a href=\"https:\/\/adler-krumbach.at\/wordpress\/wp-content\/uploads\/2017\/11\/IMG_0154.jpg\" data-attachment-id=\"616\" data-type=\"image\" class=\"fg-thumb\" rel=\"lightbox[606]\"><span class=\"fg-image-wrap\"><img decoding=\"async\" width=\"220\" height=\"125\" class=\"skip-lazy fg-image\" data-src-fg=\"https:\/\/adler-krumbach.at\/wordpress\/wp-content\/uploads\/cache\/2017\/11\/IMG_0154\/986038843.jpg\" src=\"data:image\/svg+xml,%3Csvg%20xmlns%3D%22http%3A%2F%2Fwww.w3.org%2F2000%2Fsvg%22%20width%3D%22220%22%20height%3D%22125%22%20viewBox%3D%220%200%20220%20125%22%3E%3C%2Fsvg%3E\" loading=\"eager\"><\/span><span class=\"fg-image-overlay\"><\/span><\/a><figcaption class=\"fg-caption\"><div class=\"fg-caption-inner\"><\/div><\/figcaption><\/figure><div class=\"fg-loader\"><\/div><\/div><div class=\"fg-item fg-type-image fg-idle\"><figure class=\"fg-item-inner\"><a href=\"https:\/\/adler-krumbach.at\/wordpress\/wp-content\/uploads\/2017\/11\/IMG_0156.jpg\" data-attachment-id=\"617\" data-type=\"image\" class=\"fg-thumb\" rel=\"lightbox[606]\"><span class=\"fg-image-wrap\"><img decoding=\"async\" width=\"220\" height=\"125\" class=\"skip-lazy fg-image\" data-src-fg=\"https:\/\/adler-krumbach.at\/wordpress\/wp-content\/uploads\/cache\/2017\/11\/IMG_0156\/759838709.jpg\" src=\"data:image\/svg+xml,%3Csvg%20xmlns%3D%22http%3A%2F%2Fwww.w3.org%2F2000%2Fsvg%22%20width%3D%22220%22%20height%3D%22125%22%20viewBox%3D%220%200%20220%20125%22%3E%3C%2Fsvg%3E\" loading=\"eager\"><\/span><span class=\"fg-image-overlay\"><\/span><\/a><figcaption class=\"fg-caption\"><div class=\"fg-caption-inner\"><\/div><\/figcaption><\/figure><div class=\"fg-loader\"><\/div><\/div><div class=\"fg-item fg-type-image fg-idle\"><figure class=\"fg-item-inner\"><a href=\"https:\/\/adler-krumbach.at\/wordpress\/wp-content\/uploads\/2017\/11\/IMG_0158.jpg\" data-attachment-id=\"618\" data-type=\"image\" class=\"fg-thumb\" rel=\"lightbox[606]\"><span class=\"fg-image-wrap\"><img decoding=\"async\" width=\"220\" height=\"125\" class=\"skip-lazy fg-image\" data-src-fg=\"https:\/\/adler-krumbach.at\/wordpress\/wp-content\/uploads\/cache\/2017\/11\/IMG_0158\/2334220740.jpg\" src=\"data:image\/svg+xml,%3Csvg%20xmlns%3D%22http%3A%2F%2Fwww.w3.org%2F2000%2Fsvg%22%20width%3D%22220%22%20height%3D%22125%22%20viewBox%3D%220%200%20220%20125%22%3E%3C%2Fsvg%3E\" loading=\"eager\"><\/span><span class=\"fg-image-overlay\"><\/span><\/a><figcaption class=\"fg-caption\"><div class=\"fg-caption-inner\"><\/div><\/figcaption><\/figure><div class=\"fg-loader\"><\/div><\/div><div class=\"fg-item fg-type-image fg-idle\"><figure class=\"fg-item-inner\"><a href=\"https:\/\/adler-krumbach.at\/wordpress\/wp-content\/uploads\/2017\/11\/IMG_0904w.jpg\" data-attachment-id=\"622\" data-type=\"image\" class=\"fg-thumb\" rel=\"lightbox[606]\"><span class=\"fg-image-wrap\"><img decoding=\"async\" width=\"220\" height=\"125\" class=\"skip-lazy fg-image\" data-src-fg=\"https:\/\/adler-krumbach.at\/wordpress\/wp-content\/uploads\/cache\/2017\/11\/IMG_0904w\/4284860362.jpg\" src=\"data:image\/svg+xml,%3Csvg%20xmlns%3D%22http%3A%2F%2Fwww.w3.org%2F2000%2Fsvg%22%20width%3D%22220%22%20height%3D%22125%22%20viewBox%3D%220%200%20220%20125%22%3E%3C%2Fsvg%3E\" loading=\"eager\"><\/span><span class=\"fg-image-overlay\"><\/span><\/a><figcaption class=\"fg-caption\"><div class=\"fg-caption-inner\"><\/div><\/figcaption><\/figure><div class=\"fg-loader\"><\/div><\/div><\/div>\r\n\n<p>&nbsp;<\/p>\n","protected":false},"excerpt":{"rendered":"<p>Unsere Ferienwohnung Der Langstein in Mitten der Natur, in absolut ruhiger Lage, da liegt er, der Langstein. Sie wohnen ca. 4 km vom Ortskern Sulzberg entfernt, im Obergeschoss eines Einfamilienhauses &#8230;<\/p>\n","protected":false},"author":1,"featured_media":0,"parent":0,"menu_order":0,"comment_status":"closed","ping_status":"closed","template":"","meta":{"footnotes":""},"class_list":["post-606","page","type-page","status-publish","hentry"],"_links":{"self":[{"href":"https:\/\/adler-krumbach.at\/wordpress\/wp-json\/wp\/v2\/pages\/606","targetHints":{"allow":["GET"]}}],"collection":[{"href":"https:\/\/adler-krumbach.at\/wordpress\/wp-json\/wp\/v2\/pages"}],"about":[{"href":"https:\/\/adler-krumbach.at\/wordpress\/wp-json\/wp\/v2\/types\/page"}],"author":[{"embeddable":true,"href":"https:\/\/adler-krumbach.at\/wordpress\/wp-json\/wp\/v2\/users\/1"}],"replies":[{"embeddable":true,"href":"https:\/\/adler-krumbach.at\/wordpress\/wp-json\/wp\/v2\/comments?post=606"}],"version-history":[{"count":0,"href":"https:\/\/adler-krumbach.at\/wordpress\/wp-json\/wp\/v2\/pages\/606\/revisions"}],"wp:attachment":[{"href":"https:\/\/adler-krumbach.at\/wordpress\/wp-json\/wp\/v2\/media?parent=606"}],"curies":[{"name":"wp","href":"https:\/\/api.w.org\/{rel}","templated":true}]}}